{"id":8753,"date":"2021-11-04T15:24:00","date_gmt":"2021-11-04T14:24:00","guid":{"rendered":"http:\/\/dummy.xtemos.com\/woodmart2\/elementor\/?page_id=8753"},"modified":"2024-01-17T00:12:43","modified_gmt":"2024-01-16T23:12:43","slug":"a-propos-de-nous","status":"publish","type":"page","link":"https:\/\/arif.groprotex.com\/index.php\/a-propos-de-nous\/","title":{"rendered":"A Propos de Nous"},"content":{"rendered":"\t\t<div data-elementor-type=\"wp-page\" data-elementor-id=\"8753\" class=\"elementor elementor-8753\">\n\t\t\t\t\t\t\t<div class=\"wd-negative-gap elementor-element elementor-element-a989c79 e-flex e-con-boxed wd-section-disabled e-con e-parent\" data-id=\"a989c79\" data-element_type=\"container\" data-settings=\"{&quot;content_width&quot;:&quot;boxed&quot;}\" data-core-v316-plus=\"true\">\n\t\t\t\t\t<div class=\"e-con-inner\">\n\t\t\t\t\t<\/div>\n\t\t\t\t<\/div>\n\t\t\t\t<section class=\"wd-negative-gap elementor-section elementor-top-section elementor-element elementor-element-6ae8a214 elementor-section-height-min-height wd-section-stretch elementor-section-boxed elementor-section-height-default elementor-section-items-middle\" data-id=\"6ae8a214\" data-element_type=\"section\" data-settings=\"{&quot;background_background&quot;:&quot;classic&quot;}\">\n\t\t\t\t\t\t\t<div class=\"elementor-background-overlay\"><\/div>\n\t\t\t\t\t\t\t<div class=\"elementor-container elementor-column-gap-default\">\n\t\t\t\t\t<div class=\"elementor-column elementor-col-100 elementor-top-column elementor-element elementor-element-4a9b46c9\" data-id=\"4a9b46c9\" data-element_type=\"column\">\n\t\t\t<div class=\"elementor-widget-wrap elementor-element-populated\">\n\t\t\t\t\t\t\t\t<section class=\"wd-negative-gap elementor-section elementor-inner-section elementor-element elementor-element-9f5061c elementor-section-boxed elementor-section-height-default elementor-section-height-default wd-section-disabled\" data-id=\"9f5061c\" data-element_type=\"section\">\n\t\t\t\t\t\t<div class=\"elementor-container elementor-column-gap-default\">\n\t\t\t\t\t<div class=\"elementor-column elementor-col-50 elementor-inner-column elementor-element elementor-element-db0ed2d\" data-id=\"db0ed2d\" data-element_type=\"column\" data-settings=\"{&quot;background_background&quot;:&quot;classic&quot;}\">\n\t\t\t<div class=\"elementor-widget-wrap elementor-element-populated\">\n\t\t\t\t\t\t\t\t<div class=\"elementor-element elementor-element-3d4a3a52 elementor-widget elementor-widget-wd_title\" data-id=\"3d4a3a52\" data-element_type=\"widget\" data-widget_type=\"wd_title.default\">\n\t\t\t\t<div class=\"elementor-widget-container\">\n\t\t\t\t\t<div class=\"title-wrapper set-mb-s reset-last-child wd-title-color-default wd-title-style-default wd-title-size-extra-large text-left\">\n\n\t\t\t\n\t\t\t<div class=\"liner-continer\">\n\t\t\t\t<h4 class=\"woodmart-title-container title wd-fontsize-xxxl\">Arif Couture<\/h4> \n\t\t\t\t\t\t\t<\/div>\n\n\t\t\t\t\t<\/div>\n\t\t\t\t<\/div>\n\t\t\t\t<\/div>\n\t\t\t\t<div class=\"elementor-element elementor-element-26204763 color-scheme-inherit text-left elementor-widget elementor-widget-text-editor\" data-id=\"26204763\" data-element_type=\"widget\" data-widget_type=\"text-editor.default\">\n\t\t\t\t<div class=\"elementor-widget-container\">\n\t\t\t<style>\/*! elementor - v3.16.0 - 17-10-2023 *\/\n.elementor-widget-text-editor.elementor-drop-cap-view-stacked .elementor-drop-cap{background-color:#69727d;color:#fff}.elementor-widget-text-editor.elementor-drop-cap-view-framed .elementor-drop-cap{color:#69727d;border:3px solid;background-color:transparent}.elementor-widget-text-editor:not(.elementor-drop-cap-view-default) .elementor-drop-cap{margin-top:8px}.elementor-widget-text-editor:not(.elementor-drop-cap-view-default) .elementor-drop-cap-letter{width:1em;height:1em}.elementor-widget-text-editor .elementor-drop-cap{float:left;text-align:center;line-height:1;font-size:50px}.elementor-widget-text-editor .elementor-drop-cap-letter{display:inline-block}<\/style>\t\t\t\t<p>Arif est marque de v\u00eatements unisexe\u00a0\u00a0cr\u00e9\u00e9e par un passion de la mode et des designs .<\/p><p>C\u2019est\u00a0\u00a0le r\u00e9sultat des ann\u00e9es d\u2019apprentissages et de recherches aupr\u00e8s des grands de la mode africaines et s\u00e9n\u00e9galaises en particulier.<\/p><p>Le style arif met en avant les cr\u00e9ations locales et participe \u00e0 la promotion des jeunes artisans .<\/p><p>Son fondateur est un jeune senegalais dipl\u00f4m\u00e9 en Banque Finance de l\u2019universit\u00e9 de Picardie en france et titulaire d\u2019un Master2 en audit comptabilit\u00e9. Il a aussi particip\u00e9 aux ateliers de formation initi\u00e9 par l\u2019Union europ\u00e9enne en partenariat avec le minist\u00e8re de la culture du S\u00e9n\u00e9gal pour renforcer les capacit\u00e9s des jeunes acteurs de la mode .<\/p>\t\t\t\t\t\t<\/div>\n\t\t\t\t<\/div>\n\t\t\t\t<div class=\"elementor-element elementor-element-3590ae77 elementor-widget__width-auto color-scheme-inherit text-left elementor-widget elementor-widget-text-editor\" data-id=\"3590ae77\" data-element_type=\"widget\" data-widget_type=\"text-editor.default\">\n\t\t\t\t<div class=\"elementor-widget-container\">\n\t\t\t\t\t\t\t<p>Suivez-nous sur <strong><a href=\"https:\/\/www.instagram.com\/arifcouture\/\">Instagram<\/a><\/strong> et <strong><a href=\"https:\/\/www.facebook.com\/arifestyle\">Facebook<\/a><\/strong><\/p>\t\t\t\t\t\t<\/div>\n\t\t\t\t<\/div>\n\t\t\t\t\t<\/div>\n\t\t<\/div>\n\t\t\t\t<div class=\"elementor-column elementor-col-50 elementor-inner-column elementor-element elementor-element-1d8ec6b3 elementor-hidden-phone\" data-id=\"1d8ec6b3\" data-element_type=\"column\">\n\t\t\t<div class=\"elementor-widget-wrap\">\n\t\t\t\t\t\t\t\t\t<\/div>\n\t\t<\/div>\n\t\t\t\t\t\t\t<\/div>\n\t\t<\/section>\n\t\t\t\t\t<\/div>\n\t\t<\/div>\n\t\t\t\t\t\t\t<\/div>\n\t\t<\/section>\n\t\t\t\t\t\t\t<\/div>\n\t\t","protected":false},"excerpt":{"rendered":"<p>Arif Couture Arif est marque de v\u00eatements unisexe\u00a0\u00a0cr\u00e9\u00e9e par un passion de la mode et des designs . C\u2019est\u00a0\u00a0le r\u00e9sultat<\/p>\n","protected":false},"author":1,"featured_media":0,"parent":0,"menu_order":0,"comment_status":"closed","ping_status":"closed","template":"","meta":{"footnotes":""},"jetpack_sharing_enabled":true,"_links":{"self":[{"href":"https:\/\/arif.groprotex.com\/index.php\/wp-json\/wp\/v2\/pages\/8753"}],"collection":[{"href":"https:\/\/arif.groprotex.com\/index.php\/wp-json\/wp\/v2\/pages"}],"about":[{"href":"https:\/\/arif.groprotex.com\/index.php\/wp-json\/wp\/v2\/types\/page"}],"author":[{"embeddable":true,"href":"https:\/\/arif.groprotex.com\/index.php\/wp-json\/wp\/v2\/users\/1"}],"replies":[{"embeddable":true,"href":"https:\/\/arif.groprotex.com\/index.php\/wp-json\/wp\/v2\/comments?post=8753"}],"version-history":[{"count":10,"href":"https:\/\/arif.groprotex.com\/index.php\/wp-json\/wp\/v2\/pages\/8753\/revisions"}],"predecessor-version":[{"id":15802,"href":"https:\/\/arif.groprotex.com\/index.php\/wp-json\/wp\/v2\/pages\/8753\/revisions\/15802"}],"wp:attachment":[{"href":"https:\/\/arif.groprotex.com\/index.php\/wp-json\/wp\/v2\/media?parent=8753"}],"curies":[{"name":"wp","href":"https:\/\/api.w.org\/{rel}","templated":true}]}}